{"id":1953,"date":"2021-08-10T22:28:51","date_gmt":"2021-08-10T22:28:51","guid":{"rendered":"https:\/\/quarty-demo.bslthemes.com\/?page_id=1953"},"modified":"2024-07-19T02:26:04","modified_gmt":"2024-07-19T05:26:04","slug":"about-us","status":"publish","type":"page","link":"https:\/\/abebengenharia.com.br\/?page_id=1953","title":{"rendered":"ISO 9001"},"content":{"rendered":"\t\t<div data-elementor-type=\"wp-page\" data-elementor-id=\"1953\" class=\"elementor elementor-1953\" data-elementor-post-type=\"page\">\n\t\t\t\t\t\t<section class=\"elementor-section elementor-top-section elementor-element elementor-element-09fb1b8 elementor-section-full_width elementor-section-height-default elementor-section-height-default\" data-id=\"09fb1b8\" data-element_type=\"section\" data-e-type=\"section\">\n\t\t\t\t\t\t\t<div class=\"elementor-background-overlay\"><\/div>\n\t\t\t\t\t\t\t<div class=\"elementor-container elementor-column-gap-no\">\n\t\t\t\t\t<div class=\"elementor-column elementor-col-100 elementor-top-column elementor-element elementor-element-a7ea650\" data-id=\"a7ea650\" data-element_type=\"column\" data-e-type=\"column\">\n\t\t\t<div class=\"elementor-widget-wrap elementor-element-populated\">\n\t\t\t\t\t\t<div class=\"elementor-element elementor-element-1ab6a5e elementor-widget elementor-widget-image\" data-id=\"1ab6a5e\" data-element_type=\"widget\" data-e-type=\"widget\" data-widget_type=\"image.default\">\n\t\t\t\t<div class=\"elementor-widget-container\">\n\t\t\t\t\t\t\t\t\t\t\t\t\t\t\t<img fetchpriority=\"high\" decoding=\"async\" width=\"1426\" height=\"738\" src=\"https:\/\/abebengenharia.com.br\/wp-content\/uploads\/2024\/06\/Captura-de-Tela-2024-06-05-as-00.29.06.png\" class=\"attachment-full size-full wp-image-2309\" alt=\"\" srcset=\"https:\/\/abebengenharia.com.br\/wp-content\/uploads\/2024\/06\/Captura-de-Tela-2024-06-05-as-00.29.06.png 1426w, https:\/\/abebengenharia.com.br\/wp-content\/uploads\/2024\/06\/Captura-de-Tela-2024-06-05-as-00.29.06-300x155.png 300w, https:\/\/abebengenharia.com.br\/wp-content\/uploads\/2024\/06\/Captura-de-Tela-2024-06-05-as-00.29.06-1024x530.png 1024w, https:\/\/abebengenharia.com.br\/wp-content\/uploads\/2024\/06\/Captura-de-Tela-2024-06-05-as-00.29.06-768x397.png 768w, https:\/\/abebengenharia.com.br\/wp-content\/uploads\/2024\/06\/Captura-de-Tela-2024-06-05-as-00.29.06-18x9.png 18w, https:\/\/abebengenharia.com.br\/wp-content\/uploads\/2024\/06\/Captura-de-Tela-2024-06-05-as-00.29.06-512x265.png 512w, https:\/\/abebengenharia.com.br\/wp-content\/uploads\/2024\/06\/Captura-de-Tela-2024-06-05-as-00.29.06-950x492.png 950w\" sizes=\"(max-width: 1426px) 100vw, 1426px\" \/>\t\t\t\t\t\t\t\t\t\t\t\t\t\t\t<\/div>\n\t\t\t\t<\/div>\n\t\t\t\t\t<\/div>\n\t\t<\/div>\n\t\t\t\t\t<\/div>\n\t\t<\/section>\n\t\t\t\t<section class=\"elementor-section elementor-top-section elementor-element elementor-element-b13de92 elementor-section-full_width elementor-section-height-default elementor-section-height-default\" data-id=\"b13de92\" data-element_type=\"section\" data-e-type=\"section\">\n\t\t\t\t\t\t<div class=\"elementor-container elementor-column-gap-no\">\n\t\t\t\t\t<div class=\"elementor-column elementor-col-100 elementor-top-column elementor-element elementor-element-2a40d7b\" data-id=\"2a40d7b\" data-element_type=\"column\" data-e-type=\"column\">\n\t\t\t<div class=\"elementor-widget-wrap elementor-element-populated\">\n\t\t\t\t\t\t<div class=\"elementor-element elementor-element-5831ef8 elementor-widget elementor-widget-quarty-about-us\" data-id=\"5831ef8\" data-element_type=\"widget\" data-e-type=\"widget\" data-widget_type=\"quarty-about-us.default\">\n\t\t\t\t<div class=\"elementor-widget-container\">\n\t\t\t\t\t\n\t\t<div class=\"qrt-section\">\n\t\t\t<div class=\"row\">\n\t          \t          <div class=\"col-lg-4\">\n\t            <h3 class=\"qrt-section-title\">\n\t            \t<span >\n\t          \t\t\tISO 9001 e a import\u00e2ncia <br>dessa certifica\u00e7\u00e3o\t         \t\t<\/span>\n\t            <\/h3>\n\t          <\/div>\n\t          \t          \t          <div class=\"col-lg-8 qrt-section-description\">\n\t            \t<div >\n\t          \t\t\t<div class=\"subttl\">ISO 9001 \u00e9 um sistema de gest\u00e3o de qualidade que garante a excel\u00eancia de seus produtos e servi\u00e7os.\u00a0<\/div><div><p><strong>ISO \u00e9 a International Organization for Standardization ou, em portugu\u00eas, Organiza\u00e7\u00e3o Internacional para a Padroniza\u00e7\u00e3o.<\/strong>\u00a0Portanto, \u00e9 uma institui\u00e7\u00e3o que busca justamente formular padr\u00f5es de refer\u00eancia.<\/p><\/div><div class=\"content\">\u00a0<\/div>\t         \t\t<\/div>\n\t          <\/div>\n\t          \t        <\/div>\n\t    <\/div>\n\n\t\t\t\t\t\t<\/div>\n\t\t\t\t<\/div>\n\t\t\t\t\t<\/div>\n\t\t<\/div>\n\t\t\t\t\t<\/div>\n\t\t<\/section>\n\t\t\t\t<section class=\"elementor-section elementor-top-section elementor-element elementor-element-aa38a97 elementor-section-full_width elementor-section-height-default elementor-section-height-default\" data-id=\"aa38a97\" data-element_type=\"section\" data-e-type=\"section\">\n\t\t\t\t\t\t<div class=\"elementor-container elementor-column-gap-no\">\n\t\t\t\t\t<div class=\"elementor-column elementor-col-100 elementor-top-column elementor-element elementor-element-9d70e0a\" data-id=\"9d70e0a\" data-element_type=\"column\" data-e-type=\"column\">\n\t\t\t<div class=\"elementor-widget-wrap elementor-element-populated\">\n\t\t\t\t\t\t<div class=\"elementor-element elementor-element-b42eaf0 elementor-widget elementor-widget-quarty-cta\" data-id=\"b42eaf0\" data-element_type=\"widget\" data-e-type=\"widget\" data-widget_type=\"quarty-cta.default\">\n\t\t\t\t<div class=\"elementor-widget-container\">\n\t\t\t\t\t\n\t\t<div class=\"row\">\n          <div class=\"col-lg-12\">\n            <div class=\"qrt-call-to-action\">\n                            <h4>\n              \t<span >\n\t          \t\tConhe\u00e7a nosso portf\u00f3lio de projetos e veja porque a AB&amp;B atua com excel\u00eancia na constru\u00e7\u00e3o civil, el\u00e9trica e mec\u00e2nica.\t        \t<\/span>\n              <\/h4>\n                                          <a href=\"https:\/\/abebengenharia.com.br\/?page_id=2676\" class=\"qrt-btn qrt-btn-sm qrt-btn-color qrt-cursor-scale qrt-anima-link\">\n              \t<span >\n\t          \t\tIr para os projetos\t        \t<\/span>\n              <\/a>\n                          <\/div>\n          <\/div>\n        <\/div>\n\n\t\t\t\t\t\t<\/div>\n\t\t\t\t<\/div>\n\t\t\t\t\t<\/div>\n\t\t<\/div>\n\t\t\t\t\t<\/div>\n\t\t<\/section>\n\t\t\t\t<\/div>\n\t\t","protected":false},"excerpt":{"rendered":"<p>ISO 9001 e a import\u00e2ncia dessa certifica\u00e7\u00e3o ISO 9001 \u00e9 um sistema de gest\u00e3o de qualidade que garante a excel\u00eancia&#8230; <span class=\"qrt-el-more\"><a href=\"https:\/\/abebengenharia.com.br\/?page_id=1953\" class=\"qrt-link qrt-color-link qrt-cursor-scale qrt-w-chevron\">Read more<\/a><\/span><\/p>\n","protected":false},"author":1,"featured_media":0,"parent":0,"menu_order":0,"comment_status":"closed","ping_status":"closed","template":"template-layout-builder.php","meta":{"footnotes":""},"class_list":["post-1953","page","type-page","status-publish","hentry"],"acf":[],"_links":{"self":[{"href":"https:\/\/abebengenharia.com.br\/index.php?rest_route=\/wp\/v2\/pages\/1953","targetHints":{"allow":["GET"]}}],"collection":[{"href":"https:\/\/abebengenharia.com.br\/index.php?rest_route=\/wp\/v2\/pages"}],"about":[{"href":"https:\/\/abebengenharia.com.br\/index.php?rest_route=\/wp\/v2\/types\/page"}],"author":[{"embeddable":true,"href":"https:\/\/abebengenharia.com.br\/index.php?rest_route=\/wp\/v2\/users\/1"}],"replies":[{"embeddable":true,"href":"https:\/\/abebengenharia.com.br\/index.php?rest_route=%2Fwp%2Fv2%2Fcomments&post=1953"}],"version-history":[{"count":27,"href":"https:\/\/abebengenharia.com.br\/index.php?rest_route=\/wp\/v2\/pages\/1953\/revisions"}],"predecessor-version":[{"id":3151,"href":"https:\/\/abebengenharia.com.br\/index.php?rest_route=\/wp\/v2\/pages\/1953\/revisions\/3151"}],"wp:attachment":[{"href":"https:\/\/abebengenharia.com.br\/index.php?rest_route=%2Fwp%2Fv2%2Fmedia&parent=1953"}],"curies":[{"name":"wp","href":"https:\/\/api.w.org\/{rel}","templated":true}]}}