{"id":2290,"date":"2024-05-28T09:54:54","date_gmt":"2024-05-28T12:54:54","guid":{"rendered":"https:\/\/abebengenharia.com.br\/site2024\/?page_id=2290"},"modified":"2024-07-19T13:16:06","modified_gmt":"2024-07-19T16:16:06","slug":"servicos-abb","status":"publish","type":"page","link":"https:\/\/abebengenharia.com.br\/?page_id=2290","title":{"rendered":"Servi\u00e7os AB&amp;B"},"content":{"rendered":"\t\t<div data-elementor-type=\"wp-page\" data-elementor-id=\"2290\" class=\"elementor elementor-2290\" data-elementor-post-type=\"page\">\n\t\t\t\t<div class=\"elementor-element elementor-element-7bd2e5c7 e-flex e-con-boxed e-con e-parent\" data-id=\"7bd2e5c7\" data-element_type=\"container\" data-e-type=\"container\">\n\t\t\t\t\t<div class=\"e-con-inner\">\n\t\t\t\t<div class=\"elementor-element elementor-element-52d929d elementor-widget elementor-widget-quarty-about-us\" data-id=\"52d929d\" data-element_type=\"widget\" data-e-type=\"widget\" data-widget_type=\"quarty-about-us.default\">\n\t\t\t\t<div class=\"elementor-widget-container\">\n\t\t\t\t\t\n\t\t<div class=\"qrt-section\">\n\t\t\t<div class=\"row\">\n\t          \t          <div class=\"col-lg-4\">\n\t            <h3 class=\"qrt-section-title\">\n\t            \t<span >\n\t          \t\t\tSolu\u00e7\u00f5es \nem montagem\t         \t\t<\/span>\n\t            <\/h3>\n\t          <\/div>\n\t          \t          \t          <div class=\"col-lg-8 qrt-section-description\">\n\t            \t<div >\n\t          \t\t\t<p class=\"has-text-align-center\">A AB&amp;B Engenharia se prop\u00f5e a ser a melhor solu\u00e7\u00e3o na implanta\u00e7\u00e3o de projetos de engenharia. Conhe\u00e7a alguns de nossos projetos executados em montagens eletromec\u00e2nicas.<\/p>\n<p><!-- \/wp:paragraph --><!-- wp:spacer {\"height\":\"41px\"} --><\/p>\n<div class=\"wp-block-spacer\" style=\"height: 41px\" aria-hidden=\"true\">\u00a0<\/div>\t         \t\t<\/div>\n\t          <\/div>\n\t          \t        <\/div>\n\t    <\/div>\n\n\t\t\t\t\t\t<\/div>\n\t\t\t\t<\/div>\n\t\t\t\t<div class=\"elementor-element elementor-element-cfba52a elementor-widget elementor-widget-quarty-services\" data-id=\"cfba52a\" data-element_type=\"widget\" data-e-type=\"widget\" data-widget_type=\"quarty-services.default\">\n\t\t\t\t<div class=\"elementor-widget-container\">\n\t\t\t\t\t\n\t\t<div class=\"qrt-section qrt-section-sf\">\n\t\t\t<div class=\"row\">\n\t\t\t                <div class=\"col-lg-12\">\n                <h3 class=\"qrt-mb-40 qrt-title-h\">\n                \t<span >\n\t\t          \t\tSegmentos Industriais\t\t         \t<\/span>\n                <\/h3>\n              <\/div>\n              \n                                          <div class=\"col-lg-4 qrt-service-item\">\n                <div class=\"qrt-icon-box\">\n                                    <img decoding=\"async\" class=\"mb-20\" src=\"https:\/\/abebengenharia.com.br\/wp-content\/uploads\/2024\/06\/icon-mineracao.png\" alt=\"&lt;b&gt;Minera\u00e7\u00e3o&lt;\/b&gt;\">\n                  \n                                    <h4 class=\"mb-20 qrt-service-title\">\n                  \t<span >\n\t\t        \t\t<b>Minera\u00e7\u00e3o<\/b>\t\t        \t<\/span>\n                  <\/h4>\n                  \n                                  <\/div>\n              <\/div>\n                            <div class=\"col-lg-4 qrt-service-item\">\n                <div class=\"qrt-icon-box\">\n                                    <img decoding=\"async\" class=\"mb-20\" src=\"https:\/\/abebengenharia.com.br\/wp-content\/uploads\/2024\/06\/icon-industria.png\" alt=\"&lt;b&gt;Sider\u00fargica e metalurgia\n&lt;\/b&gt;\">\n                  \n                                    <h4 class=\"mb-20 qrt-service-title\">\n                  \t<span >\n\t\t        \t\t<b>Sider\u00fargica e metalurgia\n<\/b>\t\t        \t<\/span>\n                  <\/h4>\n                  \n                                  <\/div>\n              <\/div>\n                            <div class=\"col-lg-4 qrt-service-item\">\n                <div class=\"qrt-icon-box\">\n                                    <img decoding=\"async\" class=\"mb-20\" src=\"https:\/\/abebengenharia.com.br\/wp-content\/uploads\/2024\/06\/icon-navio.png\" alt=\"&lt;b&gt;Portu\u00e1rio de carga&lt;\/b&gt;\">\n                  \n                                    <h4 class=\"mb-20 qrt-service-title\">\n                  \t<span >\n\t\t        \t\t<b>Portu\u00e1rio de carga<\/b>\t\t        \t<\/span>\n                  <\/h4>\n                  \n                                  <\/div>\n              <\/div>\n                            <div class=\"col-lg-4 qrt-service-item\">\n                <div class=\"qrt-icon-box\">\n                                    <img decoding=\"async\" class=\"mb-20\" src=\"https:\/\/abebengenharia.com.br\/wp-content\/uploads\/2024\/06\/icon-equipamentos.png\" alt=\"&lt;b&gt;Equipamentos&lt;\/b&gt;\">\n                  \n                                    <h4 class=\"mb-20 qrt-service-title\">\n                  \t<span >\n\t\t        \t\t<b>Equipamentos<\/b>\t\t        \t<\/span>\n                  <\/h4>\n                  \n                                  <\/div>\n              <\/div>\n                            <div class=\"col-lg-4 qrt-service-item\">\n                <div class=\"qrt-icon-box\">\n                                    <img decoding=\"async\" class=\"mb-20\" src=\"https:\/\/abebengenharia.com.br\/wp-content\/uploads\/2024\/06\/icon-energia.png\" alt=\"&lt;b&gt;Energia&lt;\/b&gt;\">\n                  \n                                    <h4 class=\"mb-20 qrt-service-title\">\n                  \t<span >\n\t\t        \t\t<b>Energia<\/b>\t\t        \t<\/span>\n                  <\/h4>\n                  \n                                  <\/div>\n              <\/div>\n                            <div class=\"col-lg-4 qrt-service-item\">\n                <div class=\"qrt-icon-box\">\n                                    <img decoding=\"async\" class=\"mb-20\" src=\"https:\/\/abebengenharia.com.br\/wp-content\/uploads\/2024\/06\/icon-ferroviario.png\" alt=\"&lt;b&gt;Ferrovi\u00e1rio&lt;\/b&gt;\">\n                  \n                                    <h4 class=\"mb-20 qrt-service-title\">\n                  \t<span >\n\t\t        \t\t<b>Ferrovi\u00e1rio<\/b>\t\t        \t<\/span>\n                  <\/h4>\n                  \n                                  <\/div>\n              <\/div>\n                                        <\/div>\n        <\/div>\n\n\t\t\t\t\t\t<\/div>\n\t\t\t\t<\/div>\n\t\t\t\t<div class=\"elementor-element elementor-element-9c89aca elementor-widget elementor-widget-image\" data-id=\"9c89aca\" data-element_type=\"widget\" data-e-type=\"widget\" data-widget_type=\"image.default\">\n\t\t\t\t<div class=\"elementor-widget-container\">\n\t\t\t\t\t\t\t\t\t\t\t\t\t\t\t<img fetchpriority=\"high\" decoding=\"async\" width=\"1280\" height=\"720\" src=\"https:\/\/abebengenharia.com.br\/wp-content\/uploads\/2024\/06\/GFR01176-Grande.jpeg\" class=\"attachment-full size-full wp-image-2631\" alt=\"\" srcset=\"https:\/\/abebengenharia.com.br\/wp-content\/uploads\/2024\/06\/GFR01176-Grande.jpeg 1280w, https:\/\/abebengenharia.com.br\/wp-content\/uploads\/2024\/06\/GFR01176-Grande-300x169.jpeg 300w, https:\/\/abebengenharia.com.br\/wp-content\/uploads\/2024\/06\/GFR01176-Grande-1024x576.jpeg 1024w, https:\/\/abebengenharia.com.br\/wp-content\/uploads\/2024\/06\/GFR01176-Grande-768x432.jpeg 768w, https:\/\/abebengenharia.com.br\/wp-content\/uploads\/2024\/06\/GFR01176-Grande-18x10.jpeg 18w, https:\/\/abebengenharia.com.br\/wp-content\/uploads\/2024\/06\/GFR01176-Grande-512x288.jpeg 512w, https:\/\/abebengenharia.com.br\/wp-content\/uploads\/2024\/06\/GFR01176-Grande-950x534.jpeg 950w\" sizes=\"(max-width: 1280px) 100vw, 1280px\" \/>\t\t\t\t\t\t\t\t\t\t\t\t\t\t\t<\/div>\n\t\t\t\t<\/div>\n\t\t\t\t<div class=\"elementor-element elementor-element-975a8c7 elementor-widget elementor-widget-quarty-about-us\" data-id=\"975a8c7\" data-element_type=\"widget\" data-e-type=\"widget\" data-widget_type=\"quarty-about-us.default\">\n\t\t\t\t<div class=\"elementor-widget-container\">\n\t\t\t\t\t\n\t\t<div class=\"qrt-section\">\n\t\t\t<div class=\"row\">\n\t          \t          <div class=\"col-lg-4\">\n\t            <h3 class=\"qrt-section-title\">\n\t            \t<span >\n\t          \t\t\tEngenharia Civil\t         \t\t<\/span>\n\t            <\/h3>\n\t          <\/div>\n\t          \t          \t          <div class=\"col-lg-8 qrt-section-description\">\n\t            \t<div >\n\t          \t\t\t<h3>Ind\u00fastrias de m\u00e9dio e grande porte<\/h3>\n<p>\u2013 Executamos obras civis necess\u00e1rias \u00e0 instala\u00e7\u00e3o de equipamentos eletromec\u00e2nicos e demais componentes de um empreendimento industrial, tais como funda\u00e7\u00f5es, bases, estruturas de concreto ou met\u00e1licas, piers e constru\u00e7\u00f5es assemelhadas.&nbsp;<\/p>\n<ul>\n<li>Constru\u00e7\u00e3o de funda\u00e7\u00f5es;<\/li>\n<li>An\u00e1lises de solo, ensaios SPT e An\u00e1lise Underground;<\/li>\n<li>Conten\u00e7\u00e3o de encostas;<\/li>\n<li>Manuten\u00e7\u00e3o e Montagem de Galp\u00f5es Industriais;<\/li>\n<li>Constru\u00e7\u00e3o de Drenagem e Infraestrutura;<\/li>\n<li>Jateamento de Concreto<\/li>\n<\/ul>\t         \t\t<\/div>\n\t          <\/div>\n\t          \t        <\/div>\n\t    <\/div>\n\n\t\t\t\t\t\t<\/div>\n\t\t\t\t<\/div>\n\t\t\t\t<div class=\"elementor-element elementor-element-9d6c232 elementor-widget__width-initial elementor-widget elementor-widget-image\" data-id=\"9d6c232\" data-element_type=\"widget\" data-e-type=\"widget\" data-widget_type=\"image.default\">\n\t\t\t\t<div class=\"elementor-widget-container\">\n\t\t\t\t\t\t\t\t\t\t\t\t\t\t\t<img decoding=\"async\" width=\"1280\" height=\"720\" src=\"https:\/\/abebengenharia.com.br\/wp-content\/uploads\/2024\/06\/GFR01141-Grande.jpeg\" class=\"attachment-full size-full wp-image-2632\" alt=\"\" srcset=\"https:\/\/abebengenharia.com.br\/wp-content\/uploads\/2024\/06\/GFR01141-Grande.jpeg 1280w, https:\/\/abebengenharia.com.br\/wp-content\/uploads\/2024\/06\/GFR01141-Grande-300x169.jpeg 300w, https:\/\/abebengenharia.com.br\/wp-content\/uploads\/2024\/06\/GFR01141-Grande-1024x576.jpeg 1024w, https:\/\/abebengenharia.com.br\/wp-content\/uploads\/2024\/06\/GFR01141-Grande-768x432.jpeg 768w, https:\/\/abebengenharia.com.br\/wp-content\/uploads\/2024\/06\/GFR01141-Grande-18x10.jpeg 18w, https:\/\/abebengenharia.com.br\/wp-content\/uploads\/2024\/06\/GFR01141-Grande-512x288.jpeg 512w, https:\/\/abebengenharia.com.br\/wp-content\/uploads\/2024\/06\/GFR01141-Grande-950x534.jpeg 950w\" sizes=\"(max-width: 1280px) 100vw, 1280px\" \/>\t\t\t\t\t\t\t\t\t\t\t\t\t\t\t<\/div>\n\t\t\t\t<\/div>\n\t\t\t\t<div class=\"elementor-element elementor-element-2b8d770 elementor-widget elementor-widget-quarty-about-us\" data-id=\"2b8d770\" data-element_type=\"widget\" data-e-type=\"widget\" data-widget_type=\"quarty-about-us.default\">\n\t\t\t\t<div class=\"elementor-widget-container\">\n\t\t\t\t\t\n\t\t<div class=\"qrt-section\">\n\t\t\t<div class=\"row\">\n\t          \t          <div class=\"col-lg-4\">\n\t            <h3 class=\"qrt-section-title\">\n\t            \t<span >\n\t          \t\t\tSolu\u00e7\u00f5es para Mec\u00e2nica Industrial\t         \t\t<\/span>\n\t            <\/h3>\n\t          <\/div>\n\t          \t          \t          <div class=\"col-lg-8 qrt-section-description\">\n\t            \t<div >\n\t          \t\t\t<h3>Montagem Manuten\u00e7\u00e3o e Inspe\u00e7\u00e3o<\/h3>\n<p>Servi\u00e7os de mec\u00e2nica, caldeiraria, tubula\u00e7\u00e3o e instrumenta\u00e7\u00e3o, que associados a um planejamento detalhado, permite as a\u00e7\u00f5es necess\u00e1rias \u00e0 execu\u00e7\u00e3o de novas plantas industriais, amplia\u00e7\u00e3o e melhorias de processo.<\/p>\n<ul>\n<li>Gerenciamento, planejamento e supervis\u00e3o de obras;<\/li>\n<li>Inspe\u00e7\u00e3o e manuten\u00e7\u00e3o de equipamentos;<\/li>\n<li>Adequa\u00e7\u00f5es \u00e0s NR\u2019s em \u00e1reas industriais;<\/li>\n<li>Paradas t\u00e9cnicas em \u00e1rea industrial;<\/li>\n<li>Revitaliza\u00e7\u00f5es industriais;<\/li>\n<li>Montagem e inspe\u00e7\u00e3o de estruturas met\u00e1licas;<\/li>\n<li>Montagem, inspe\u00e7\u00e3o e testes em tubula\u00e7\u00f5es industriais;<\/li>\n<li>Execu\u00e7\u00e3o e ensaios em todos os processos de soldagem como L\u00edquido Penetrantes (LP), Ultrassons e Part\u00edcula Magn\u00e9tica;<\/li>\n<li>Execu\u00e7\u00e3o de Trepana\u00e7\u00e3o, furos em carga, hot tapping em tubula\u00e7\u00f5es industriais;<\/li>\n<li>Montagem de m\u00e1quinas e equipamentos;<\/li>\n<li>Montagem de motores el\u00e9tricos e acoplamentos;<\/li>\n<li>Montagem de Cable e Pipe Racks;<\/li>\n<li>Montagem de Tubula\u00e7\u00f5es e Unidades Hidr\u00e1ulicas;<\/li>\n<li>Manuten\u00e7\u00e3o e montagem em pontes rolantes;<\/li>\n<li>Manuten\u00e7\u00e3o e montagem em sistemas de queima de fornos industriais;<\/li>\n<li>Manuten\u00e7\u00e3o e montagem em transportadores de correia;<\/li>\n<li>Manuten\u00e7\u00e3o e montagem de juntas de expans\u00e3o;<\/li>\n<li>Manuten\u00e7\u00e3o e montagem em sistemas de moagem;<\/li>\n<li>Manuten\u00e7\u00e3o e montagem em sistemas de bombeamento;<\/li>\n<li>Manuten\u00e7\u00e3o e montagem de tubula\u00e7\u00e3o em PEAD;<\/li>\n<li>Manuten\u00e7\u00e3o e montagem em sistemas de geradores;<\/li>\n<li>Elabora\u00e7\u00e3o de projetos e montagem de andaimes;<\/li>\n<li>Comissionamento, start-up e opera\u00e7\u00e3o assistida;<\/li>\n<li>Descomissionamento de plantas industriais<\/li>\n<\/ul>\t         \t\t<\/div>\n\t          <\/div>\n\t          \t        <\/div>\n\t    <\/div>\n\n\t\t\t\t\t\t<\/div>\n\t\t\t\t<\/div>\n\t\t\t\t<div class=\"elementor-element elementor-element-b302411 elementor-widget elementor-widget-image\" data-id=\"b302411\" data-element_type=\"widget\" data-e-type=\"widget\" data-widget_type=\"image.default\">\n\t\t\t\t<div class=\"elementor-widget-container\">\n\t\t\t\t\t\t\t\t\t\t\t\t\t\t\t<img decoding=\"async\" width=\"1600\" height=\"900\" src=\"https:\/\/abebengenharia.com.br\/wp-content\/uploads\/2024\/05\/SLIDER-1-ABEB.jpg\" class=\"attachment-full size-full wp-image-2130\" alt=\"\" srcset=\"https:\/\/abebengenharia.com.br\/wp-content\/uploads\/2024\/05\/SLIDER-1-ABEB.jpg 1600w, https:\/\/abebengenharia.com.br\/wp-content\/uploads\/2024\/05\/SLIDER-1-ABEB-300x169.jpg 300w, https:\/\/abebengenharia.com.br\/wp-content\/uploads\/2024\/05\/SLIDER-1-ABEB-1024x576.jpg 1024w, https:\/\/abebengenharia.com.br\/wp-content\/uploads\/2024\/05\/SLIDER-1-ABEB-768x432.jpg 768w, https:\/\/abebengenharia.com.br\/wp-content\/uploads\/2024\/05\/SLIDER-1-ABEB-1536x864.jpg 1536w, https:\/\/abebengenharia.com.br\/wp-content\/uploads\/2024\/05\/SLIDER-1-ABEB-512x288.jpg 512w, https:\/\/abebengenharia.com.br\/wp-content\/uploads\/2024\/05\/SLIDER-1-ABEB-950x534.jpg 950w\" sizes=\"(max-width: 1600px) 100vw, 1600px\" \/>\t\t\t\t\t\t\t\t\t\t\t\t\t\t\t<\/div>\n\t\t\t\t<\/div>\n\t\t\t\t<div class=\"elementor-element elementor-element-6a4a5a9 elementor-widget elementor-widget-quarty-about-us\" data-id=\"6a4a5a9\" data-element_type=\"widget\" data-e-type=\"widget\" data-widget_type=\"quarty-about-us.default\">\n\t\t\t\t<div class=\"elementor-widget-container\">\n\t\t\t\t\t\n\t\t<div class=\"qrt-section\">\n\t\t\t<div class=\"row\">\n\t          \t          <div class=\"col-lg-4\">\n\t            <h3 class=\"qrt-section-title\">\n\t            \t<span >\n\t          \t\t\tSolu\u00e7\u00f5es para El\u00e9trica Industrial\t         \t\t<\/span>\n\t            <\/h3>\n\t          <\/div>\n\t          \t          \t          <div class=\"col-lg-8 qrt-section-description\">\n\t            \t<div >\n\t          \t\t\t<h3>Montagem Manuten\u00e7\u00e3o e Inspe\u00e7\u00e3o<\/h3>\n<p>Com foco nos requisitos do cliente e apoiados planejamento e em recursos humanos as opera\u00e7\u00f5es de Constru\u00e7\u00e3o e Montagem El\u00e9tricas s\u00e3o objeto de criterioso estudo que orienta a sua execu\u00e7\u00e3o com qualidade, otimiza\u00e7\u00e3o de recursos.<\/p>\n<p>Gerenciamento, planejamento e supervis\u00e3o de obras;<br \/>Montagem e manuten\u00e7\u00e3o el\u00e9trica industrial e predial;<br \/>Montagem de salas el\u00e9tricas de m\u00e9dio e grande porte em alta, m\u00e9dia e baixa tens\u00e3o;<br \/>Manuten\u00e7\u00e3o e montagem de redes de distribui\u00e7\u00e3o e subesta\u00e7\u00f5es;<br \/>Manuten\u00e7\u00e3o e montagem em Sistemas de Prote\u00e7\u00e3o contra Descargas Atmosf\u00e9ricas (SPDA) e Aterramento El\u00e9trico;<br \/>Montagem de Transformadores;<br \/>Manuten\u00e7\u00e3o e montagem em pain\u00e9is el\u00e9tricos;<br \/>Reparos, manuten\u00e7\u00e3o e instala\u00e7\u00f5es de sistemas de combate a inc\u00eandio;<br \/>Reparos, manuten\u00e7\u00e3o e instala\u00e7\u00e3o em sistemas de ar-condicionado e rede de dutos;<br \/>Retrofit em equipamentos, gavetas e pain\u00e9is el\u00e9tricos;<br \/>Manuten\u00e7\u00e3o e montagem em pontes rolantes;<br \/>Montagem de sistemas de cabeamento em fibra \u00f3tica inclusive fus\u00e3o e certifica\u00e7\u00e3o de redes;<br \/>Elabora\u00e7\u00e3o, estudo e execu\u00e7\u00e3o de redes TA (tecnologia da automa\u00e7\u00e3o);<br \/>Parada t\u00e9cnica em \u00e1rea industrial;<br \/>Adequa\u00e7\u00e3o as NR\u2019s em \u00e1rea industrial;<br \/>Manuten\u00e7\u00e3o e montagem em sistemas geradores;<br \/>Dimensionamento, instala\u00e7\u00e3o e parametriza\u00e7\u00e3o de instrumentos;<br \/>Execu\u00e7\u00e3o de testes em pain\u00e9is el\u00e9tricos e cabeamentos;<br \/>Comissionamento, Start-Up e opera\u00e7\u00e3o assistida.<\/p>\t         \t\t<\/div>\n\t          <\/div>\n\t          \t        <\/div>\n\t    <\/div>\n\n\t\t\t\t\t\t<\/div>\n\t\t\t\t<\/div>\n\t\t\t\t<div class=\"elementor-element elementor-element-e29fe5d elementor-widget elementor-widget-spacer\" data-id=\"e29fe5d\" data-element_type=\"widget\" data-e-type=\"widget\" data-widget_type=\"spacer.default\">\n\t\t\t\t<div class=\"elementor-widget-container\">\n\t\t\t\t\t\t\t<div class=\"elementor-spacer\">\n\t\t\t<div class=\"elementor-spacer-inner\"><\/div>\n\t\t<\/div>\n\t\t\t\t\t\t<\/div>\n\t\t\t\t<\/div>\n\t\t\t\t<div class=\"elementor-element elementor-element-8086590 elementor-align-center elementor-widget elementor-widget-button\" data-id=\"8086590\" data-element_type=\"widget\" data-e-type=\"widget\" data-widget_type=\"button.default\">\n\t\t\t\t<div class=\"elementor-widget-container\">\n\t\t\t\t\t\t\t\t\t<div class=\"elementor-button-wrapper\">\n\t\t\t\t\t<a class=\"elementor-button elementor-button-link elementor-size-sm\" href=\"https:\/\/abebengenharia.com.br\/?page_id=2261\" target=\"_blank\">\n\t\t\t\t\t\t<span class=\"elementor-button-content-wrapper\">\n\t\t\t\t\t\t\t\t\t<span class=\"elementor-button-text\">SOLICITAR ATENDIMENTO<\/span>\n\t\t\t\t\t<\/span>\n\t\t\t\t\t<\/a>\n\t\t\t\t<\/div>\n\t\t\t\t\t\t\t\t<\/div>\n\t\t\t\t<\/div>\n\t\t\t\t\t<\/div>\n\t\t\t\t<\/div>\n\t\t<div class=\"elementor-element elementor-element-8094e2e e-flex e-con-boxed e-con e-parent\" data-id=\"8094e2e\" data-element_type=\"container\" data-e-type=\"container\">\n\t\t\t\t\t<div class=\"e-con-inner\">\n\t\t<div class=\"elementor-element elementor-element-af1d903 e-con-full e-flex e-con e-child\" data-id=\"af1d903\" data-element_type=\"container\" data-e-type=\"container\">\n\t\t\t\t<\/div>\n\t\t<div class=\"elementor-element elementor-element-6eab268 e-con-full e-flex e-con e-child\" data-id=\"6eab268\" data-element_type=\"container\" data-e-type=\"container\">\n\t\t\t\t<\/div>\n\t\t<div class=\"elementor-element elementor-element-1e94c3b e-con-full e-flex e-con e-child\" data-id=\"1e94c3b\" data-element_type=\"container\" data-e-type=\"container\">\n\t\t\t\t<\/div>\n\t\t<div class=\"elementor-element elementor-element-6e289a3 e-con-full e-flex e-con e-child\" data-id=\"6e289a3\" data-element_type=\"container\" data-e-type=\"container\">\n\t\t\t\t<\/div>\n\t\t<div class=\"elementor-element elementor-element-a62c91a e-con-full e-flex e-con e-child\" data-id=\"a62c91a\" data-element_type=\"container\" data-e-type=\"container\">\n\t\t\t\t<\/div>\n\t\t<div class=\"elementor-element elementor-element-e0b7645 e-con-full e-flex e-con e-child\" data-id=\"e0b7645\" data-element_type=\"container\" data-e-type=\"container\">\n\t\t\t\t<\/div>\n\t\t\t\t\t<\/div>\n\t\t\t\t<\/div>\n\t\t\t\t<\/div>\n\t\t","protected":false},"excerpt":{"rendered":"<p>Solu\u00e7\u00f5es em montagem A AB&amp;B Engenharia se prop\u00f5e a ser a melhor solu\u00e7\u00e3o na implanta\u00e7\u00e3o de projetos de engenharia. Conhe\u00e7a&#8230; <span class=\"qrt-el-more\"><a href=\"https:\/\/abebengenharia.com.br\/?page_id=2290\" class=\"qrt-link qrt-color-link qrt-cursor-scale qrt-w-chevron\">Read more<\/a><\/span><\/p>\n","protected":false},"author":1,"featured_media":0,"parent":0,"menu_order":0,"comment_status":"closed","ping_status":"closed","template":"elementor_theme","meta":{"footnotes":""},"class_list":["post-2290","page","type-page","status-publish","hentry"],"acf":[],"_links":{"self":[{"href":"https:\/\/abebengenharia.com.br\/index.php?rest_route=\/wp\/v2\/pages\/2290","targetHints":{"allow":["GET"]}}],"collection":[{"href":"https:\/\/abebengenharia.com.br\/index.php?rest_route=\/wp\/v2\/pages"}],"about":[{"href":"https:\/\/abebengenharia.com.br\/index.php?rest_route=\/wp\/v2\/types\/page"}],"author":[{"embeddable":true,"href":"https:\/\/abebengenharia.com.br\/index.php?rest_route=\/wp\/v2\/users\/1"}],"replies":[{"embeddable":true,"href":"https:\/\/abebengenharia.com.br\/index.php?rest_route=%2Fwp%2Fv2%2Fcomments&post=2290"}],"version-history":[{"count":81,"href":"https:\/\/abebengenharia.com.br\/index.php?rest_route=\/wp\/v2\/pages\/2290\/revisions"}],"predecessor-version":[{"id":3246,"href":"https:\/\/abebengenharia.com.br\/index.php?rest_route=\/wp\/v2\/pages\/2290\/revisions\/3246"}],"wp:attachment":[{"href":"https:\/\/abebengenharia.com.br\/index.php?rest_route=%2Fwp%2Fv2%2Fmedia&parent=2290"}],"curies":[{"name":"wp","href":"https:\/\/api.w.org\/{rel}","templated":true}]}}