{"id":2566,"date":"2024-06-11T10:50:03","date_gmt":"2024-06-11T13:50:03","guid":{"rendered":"https:\/\/abebengenharia.com.br\/site2024\/?page_id=2566"},"modified":"2024-07-10T16:56:20","modified_gmt":"2024-07-10T19:56:20","slug":"saude-e-seguranca-do-trabalho","status":"publish","type":"page","link":"https:\/\/abebengenharia.com.br\/?page_id=2566","title":{"rendered":"Sa\u00fade e seguran\u00e7a do trabalho"},"content":{"rendered":"\t\t<div data-elementor-type=\"wp-page\" data-elementor-id=\"2566\" class=\"elementor elementor-2566\" data-elementor-post-type=\"page\">\n\t\t\t\t<div class=\"elementor-element elementor-element-b01c0d4 e-con-full e-flex e-con e-parent\" data-id=\"b01c0d4\" data-element_type=\"container\" data-e-type=\"container\">\n\t\t\t\t<div class=\"elementor-element elementor-element-0d35375 elementor-widget elementor-widget-image\" data-id=\"0d35375\" data-element_type=\"widget\" data-e-type=\"widget\" data-widget_type=\"image.default\">\n\t\t\t\t<div class=\"elementor-widget-container\">\n\t\t\t\t\t\t\t\t\t\t\t\t\t\t\t<img fetchpriority=\"high\" decoding=\"async\" width=\"839\" height=\"516\" src=\"https:\/\/abebengenharia.com.br\/wp-content\/uploads\/2024\/06\/Captura-de-Tela-2024-06-11-as-10.52.42.png\" class=\"attachment-full size-full wp-image-2569\" alt=\"\" srcset=\"https:\/\/abebengenharia.com.br\/wp-content\/uploads\/2024\/06\/Captura-de-Tela-2024-06-11-as-10.52.42.png 839w, https:\/\/abebengenharia.com.br\/wp-content\/uploads\/2024\/06\/Captura-de-Tela-2024-06-11-as-10.52.42-300x185.png 300w, https:\/\/abebengenharia.com.br\/wp-content\/uploads\/2024\/06\/Captura-de-Tela-2024-06-11-as-10.52.42-768x472.png 768w, https:\/\/abebengenharia.com.br\/wp-content\/uploads\/2024\/06\/Captura-de-Tela-2024-06-11-as-10.52.42-18x12.png 18w, https:\/\/abebengenharia.com.br\/wp-content\/uploads\/2024\/06\/Captura-de-Tela-2024-06-11-as-10.52.42-512x315.png 512w\" sizes=\"(max-width: 839px) 100vw, 839px\" \/>\t\t\t\t\t\t\t\t\t\t\t\t\t\t\t<\/div>\n\t\t\t\t<\/div>\n\t\t\t\t<div class=\"elementor-element elementor-element-2dbf88e elementor-widget__width-initial elementor-widget elementor-widget-text-editor\" data-id=\"2dbf88e\" data-element_type=\"widget\" data-e-type=\"widget\" data-widget_type=\"text-editor.default\">\n\t\t\t\t<div class=\"elementor-widget-container\">\n\t\t\t\t\t\t\t\t\t<p><\/p>\n<p><span style=\"font-weight: 400;\">A seguran\u00e7a do trabalho \u00e9 um aspecto fundamental para a AB&amp;B Solu\u00e7\u00f5es e Servi\u00e7os. Ela n\u00e3o apenas protege a integridade f\u00edsica e mental dos nossos colaboradores, mas tamb\u00e9m contribui para a efici\u00eancia e produtividade das nossas opera\u00e7\u00f5es. A AB&amp;B investe em campanhas e programas com o objetivo de alcan\u00e7ar zero acidentes, promovendo um ambiente de trabalho seguro e saud\u00e1vel para todos.Entre nossas iniciativas destacam-se:<\/span><\/p>\n<p><span style=\"font-weight: 400;\">&nbsp;\u201cTST por um dia\u201d: o programa tem como objetivo despertar nas pessoas o esp\u00edrito de equipe, em que todos s\u00e3o respons\u00e1veis por sua seguran\u00e7a e dos colegas de trabalho. Al\u00e9m de melhorar a percep\u00e7\u00e3o de riscos nas atividades exercidas, bem como auxiliar na capacidade de ajudar o pr\u00f3ximo.&nbsp;<\/span><span style=\"color: var( --e-global-color-text ); font-family: var( --e-global-typography-text-font-family ), Sans-serif; text-align: var(--text-align); letter-spacing: 0px;\">&nbsp;<\/span><\/p>\n<p><br><\/p>\t\t\t\t\t\t\t\t<\/div>\n\t\t\t\t<\/div>\n\t\t\t\t<div class=\"elementor-element elementor-element-4e52a42 elementor-widget__width-inherit elementor-widget elementor-widget-quarty-resume\" data-id=\"4e52a42\" data-element_type=\"widget\" data-e-type=\"widget\" data-widget_type=\"quarty-resume.default\">\n\t\t\t\t<div class=\"elementor-widget-container\">\n\t\t\t\t\t\n\t\t<div class=\"qrt-section qrt-section-sf\">\n\t\t\t\t\t\t<h1 class=\"qrt-mb-40 qrt-title-h\">\n\t\t\t\t<span >\n\t          \t\tSa\u00fade e seguran\u00e7a do trabalho\t         \t<\/span>\n\t\t\t<\/h1>\n\t\t\t\n\t        <div class=\"qrt-timeline qrt-mb-40\">\n\t          \n\t        <\/div>\n\t    <\/div>\n\n\t\t\t\t\t\t<\/div>\n\t\t\t\t<\/div>\n\t\t\t\t<\/div>\n\t\t<div class=\"elementor-element elementor-element-38ae8b5 e-flex e-con-boxed e-con e-parent\" data-id=\"38ae8b5\" data-element_type=\"container\" data-e-type=\"container\" data-settings=\"{&quot;background_background&quot;:&quot;classic&quot;}\">\n\t\t\t\t\t<div class=\"e-con-inner\">\n\t\t<div class=\"elementor-element elementor-element-f28441b e-con-full e-flex e-con e-child\" data-id=\"f28441b\" data-element_type=\"container\" data-e-type=\"container\">\n\t\t\t\t<div class=\"elementor-element elementor-element-6716ec2 elementor-widget elementor-widget-image\" data-id=\"6716ec2\" data-element_type=\"widget\" data-e-type=\"widget\" data-widget_type=\"image.default\">\n\t\t\t\t<div class=\"elementor-widget-container\">\n\t\t\t\t\t\t\t\t\t\t\t\t\t\t\t<img decoding=\"async\" width=\"823\" height=\"502\" src=\"https:\/\/abebengenharia.com.br\/wp-content\/uploads\/2024\/06\/Captura-de-Tela-2024-06-11-as-10.57.08.png\" class=\"attachment-large size-large wp-image-2577\" alt=\"\" srcset=\"https:\/\/abebengenharia.com.br\/wp-content\/uploads\/2024\/06\/Captura-de-Tela-2024-06-11-as-10.57.08.png 823w, https:\/\/abebengenharia.com.br\/wp-content\/uploads\/2024\/06\/Captura-de-Tela-2024-06-11-as-10.57.08-300x183.png 300w, https:\/\/abebengenharia.com.br\/wp-content\/uploads\/2024\/06\/Captura-de-Tela-2024-06-11-as-10.57.08-768x468.png 768w, https:\/\/abebengenharia.com.br\/wp-content\/uploads\/2024\/06\/Captura-de-Tela-2024-06-11-as-10.57.08-18x12.png 18w, https:\/\/abebengenharia.com.br\/wp-content\/uploads\/2024\/06\/Captura-de-Tela-2024-06-11-as-10.57.08-512x312.png 512w\" sizes=\"(max-width: 823px) 100vw, 823px\" \/>\t\t\t\t\t\t\t\t\t\t\t\t\t\t\t<\/div>\n\t\t\t\t<\/div>\n\t\t\t\t<\/div>\n\t\t<div class=\"elementor-element elementor-element-5329f97 e-con-full e-flex e-con e-child\" data-id=\"5329f97\" data-element_type=\"container\" data-e-type=\"container\">\n\t\t\t\t<div class=\"elementor-element elementor-element-6a12b85 elementor-widget elementor-widget-image\" data-id=\"6a12b85\" data-element_type=\"widget\" data-e-type=\"widget\" data-widget_type=\"image.default\">\n\t\t\t\t<div class=\"elementor-widget-container\">\n\t\t\t\t\t\t\t\t\t\t\t\t\t\t\t<img decoding=\"async\" width=\"843\" height=\"585\" src=\"https:\/\/abebengenharia.com.br\/wp-content\/uploads\/2024\/06\/Captura-de-Tela-2024-06-11-as-10.51.59.png\" class=\"attachment-large size-large wp-image-2568\" alt=\"\" srcset=\"https:\/\/abebengenharia.com.br\/wp-content\/uploads\/2024\/06\/Captura-de-Tela-2024-06-11-as-10.51.59.png 843w, https:\/\/abebengenharia.com.br\/wp-content\/uploads\/2024\/06\/Captura-de-Tela-2024-06-11-as-10.51.59-300x208.png 300w, https:\/\/abebengenharia.com.br\/wp-content\/uploads\/2024\/06\/Captura-de-Tela-2024-06-11-as-10.51.59-768x533.png 768w, https:\/\/abebengenharia.com.br\/wp-content\/uploads\/2024\/06\/Captura-de-Tela-2024-06-11-as-10.51.59-18x12.png 18w, https:\/\/abebengenharia.com.br\/wp-content\/uploads\/2024\/06\/Captura-de-Tela-2024-06-11-as-10.51.59-512x355.png 512w\" sizes=\"(max-width: 843px) 100vw, 843px\" \/>\t\t\t\t\t\t\t\t\t\t\t\t\t\t\t<\/div>\n\t\t\t\t<\/div>\n\t\t\t\t<\/div>\n\t\t\t\t\t<\/div>\n\t\t\t\t<\/div>\n\t\t<div class=\"elementor-element elementor-element-e49480d e-flex e-con-boxed e-con e-parent\" data-id=\"e49480d\" data-element_type=\"container\" data-e-type=\"container\" data-settings=\"{&quot;background_background&quot;:&quot;classic&quot;}\">\n\t\t\t\t\t<div class=\"e-con-inner\">\n\t\t\t\t<div class=\"elementor-element elementor-element-0ea0e83 elementor-widget elementor-widget-text-editor\" data-id=\"0ea0e83\" data-element_type=\"widget\" data-e-type=\"widget\" data-widget_type=\"text-editor.default\">\n\t\t\t\t<div class=\"elementor-widget-container\">\n\t\t\t\t\t\t\t\t\t<p><span style=\"font-weight: 400;\">\u201cPrograma m\u00e3os seguras\u201d tem como objetivo identificar, em nossas frentes de servi\u00e7o, atividades que possam resultar em acidentes envolvendo as m\u00e3os e propor medidas de controle ou dispositivos apropriados. Al\u00e9m disso, busca promover a\u00e7\u00f5es para eliminar ou reduzir a ocorr\u00eancia desses acidentes<\/span><span style=\"font-weight: 400;\">.<\/span><\/p><p><span style=\"font-weight: 400;\"><br><\/span><\/p>\t\t\t\t\t\t\t\t<\/div>\n\t\t\t\t<\/div>\n\t\t\t\t\t<\/div>\n\t\t\t\t<\/div>\n\t\t<div class=\"elementor-element elementor-element-1c6784d e-con-full e-flex e-con e-parent\" data-id=\"1c6784d\" data-element_type=\"container\" data-e-type=\"container\">\n\t\t\t\t<div class=\"elementor-element elementor-element-81ec770 elementor-widget__width-inherit elementor-widget elementor-widget-quarty-resume\" data-id=\"81ec770\" data-element_type=\"widget\" data-e-type=\"widget\" data-widget_type=\"quarty-resume.default\">\n\t\t\t\t<div class=\"elementor-widget-container\">\n\t\t\t\t\t\n\t\t<div class=\"qrt-section qrt-section-sf\">\n\t\t\t\t\t\t<h3 class=\"qrt-mb-40 qrt-title-h\">\n\t\t\t\t<span >\n\t          \t\tCampanhas de Seguran\u00e7a\t         \t<\/span>\n\t\t\t<\/h3>\n\t\t\t\n\t        <div class=\"qrt-timeline qrt-mb-40\">\n\t          \n\t        <\/div>\n\t    <\/div>\n\n\t\t\t\t\t\t<\/div>\n\t\t\t\t<\/div>\n\t\t\t\t<\/div>\n\t\t<div class=\"elementor-element elementor-element-6c7f48d e-flex e-con-boxed e-con e-parent\" data-id=\"6c7f48d\" data-element_type=\"container\" data-e-type=\"container\">\n\t\t\t\t\t<div class=\"e-con-inner\">\n\t\t<div class=\"elementor-element elementor-element-57ab62f e-con-full e-flex e-con e-child\" data-id=\"57ab62f\" data-element_type=\"container\" data-e-type=\"container\">\n\t\t\t\t<div class=\"elementor-element elementor-element-9654715 elementor-widget elementor-widget-image\" data-id=\"9654715\" data-element_type=\"widget\" data-e-type=\"widget\" data-widget_type=\"image.default\">\n\t\t\t\t<div class=\"elementor-widget-container\">\n\t\t\t\t\t\t\t\t\t\t\t\t\t\t\t<img loading=\"lazy\" decoding=\"async\" width=\"842\" height=\"549\" src=\"https:\/\/abebengenharia.com.br\/wp-content\/uploads\/2024\/06\/Captura-de-Tela-2024-06-11-as-11.01.29.png\" class=\"attachment-large size-large wp-image-2578\" alt=\"\" srcset=\"https:\/\/abebengenharia.com.br\/wp-content\/uploads\/2024\/06\/Captura-de-Tela-2024-06-11-as-11.01.29.png 842w, https:\/\/abebengenharia.com.br\/wp-content\/uploads\/2024\/06\/Captura-de-Tela-2024-06-11-as-11.01.29-300x196.png 300w, https:\/\/abebengenharia.com.br\/wp-content\/uploads\/2024\/06\/Captura-de-Tela-2024-06-11-as-11.01.29-768x501.png 768w, https:\/\/abebengenharia.com.br\/wp-content\/uploads\/2024\/06\/Captura-de-Tela-2024-06-11-as-11.01.29-18x12.png 18w, https:\/\/abebengenharia.com.br\/wp-content\/uploads\/2024\/06\/Captura-de-Tela-2024-06-11-as-11.01.29-512x334.png 512w\" sizes=\"(max-width: 842px) 100vw, 842px\" \/>\t\t\t\t\t\t\t\t\t\t\t\t\t\t\t<\/div>\n\t\t\t\t<\/div>\n\t\t\t\t<\/div>\n\t\t<div class=\"elementor-element elementor-element-dab6c03 e-con-full e-flex e-con e-child\" data-id=\"dab6c03\" data-element_type=\"container\" data-e-type=\"container\">\n\t\t\t\t<div class=\"elementor-element elementor-element-be98165 elementor-widget elementor-widget-image\" data-id=\"be98165\" data-element_type=\"widget\" data-e-type=\"widget\" data-widget_type=\"image.default\">\n\t\t\t\t<div class=\"elementor-widget-container\">\n\t\t\t\t\t\t\t\t\t\t\t\t\t\t\t<img loading=\"lazy\" decoding=\"async\" width=\"839\" height=\"566\" src=\"https:\/\/abebengenharia.com.br\/wp-content\/uploads\/2024\/06\/Captura-de-Tela-2024-06-11-as-11.01.49.png\" class=\"attachment-large size-large wp-image-2579\" alt=\"\" srcset=\"https:\/\/abebengenharia.com.br\/wp-content\/uploads\/2024\/06\/Captura-de-Tela-2024-06-11-as-11.01.49.png 839w, https:\/\/abebengenharia.com.br\/wp-content\/uploads\/2024\/06\/Captura-de-Tela-2024-06-11-as-11.01.49-300x202.png 300w, https:\/\/abebengenharia.com.br\/wp-content\/uploads\/2024\/06\/Captura-de-Tela-2024-06-11-as-11.01.49-768x518.png 768w, https:\/\/abebengenharia.com.br\/wp-content\/uploads\/2024\/06\/Captura-de-Tela-2024-06-11-as-11.01.49-18x12.png 18w, https:\/\/abebengenharia.com.br\/wp-content\/uploads\/2024\/06\/Captura-de-Tela-2024-06-11-as-11.01.49-512x345.png 512w\" sizes=\"(max-width: 839px) 100vw, 839px\" \/>\t\t\t\t\t\t\t\t\t\t\t\t\t\t\t<\/div>\n\t\t\t\t<\/div>\n\t\t\t\t<\/div>\n\t\t\t\t\t<\/div>\n\t\t\t\t<\/div>\n\t\t<div class=\"elementor-element elementor-element-92ad88c e-flex e-con-boxed e-con e-parent\" data-id=\"92ad88c\" data-element_type=\"container\" data-e-type=\"container\">\n\t\t\t\t\t<div class=\"e-con-inner\">\n\t\t\t\t<div class=\"elementor-element elementor-element-1468b42 elementor-widget elementor-widget-text-editor\" data-id=\"1468b42\" data-element_type=\"widget\" data-e-type=\"widget\" data-widget_type=\"text-editor.default\">\n\t\t\t\t<div class=\"elementor-widget-container\">\n\t\t\t\t\t\t\t\t\t<p><span style=\"font-weight: 400;\">Com o intuito de promover e engajar os colaboradores sobre a import\u00e2ncia da seguran\u00e7a, realizamos campanhas de conscientiza\u00e7\u00e3o, destacando que a seguran\u00e7a \u00e9 um dever de todos. Na busca cont\u00ednua por zero acidentes, entendemos que isso se alcan\u00e7a atrav\u00e9s de uma atua\u00e7\u00e3o constante e do envolvimento de todos. Investir em seguran\u00e7a \u00e9, portanto, investir no bem-estar dos colaboradores e no sucesso da nossa organiza\u00e7\u00e3o.<\/span><\/p><p><span style=\"font-weight: 400;\">\u00a0<\/span><\/p>\t\t\t\t\t\t\t\t<\/div>\n\t\t\t\t<\/div>\n\t\t\t\t\t<\/div>\n\t\t\t\t<\/div>\n\t\t<div class=\"elementor-element elementor-element-d2a0950 e-con-full e-flex e-con e-parent\" data-id=\"d2a0950\" data-element_type=\"container\" data-e-type=\"container\">\n\t\t\t\t<div class=\"elementor-element elementor-element-b5e2a35 elementor-widget__width-inherit elementor-widget elementor-widget-quarty-resume\" data-id=\"b5e2a35\" data-element_type=\"widget\" data-e-type=\"widget\" data-widget_type=\"quarty-resume.default\">\n\t\t\t\t<div class=\"elementor-widget-container\">\n\t\t\t\t\t\n\t\t<div class=\"qrt-section qrt-section-sf\">\n\t\t\t\t\t\t<h3 class=\"qrt-mb-40 qrt-title-h\">\n\t\t\t\t<span >\n\t          \t\tSa\u00fade \t         \t<\/span>\n\t\t\t<\/h3>\n\t\t\t\n\t        <div class=\"qrt-timeline qrt-mb-40\">\n\t          \n\t        <\/div>\n\t    <\/div>\n\n\t\t\t\t\t\t<\/div>\n\t\t\t\t<\/div>\n\t\t\t\t<\/div>\n\t\t<div class=\"elementor-element elementor-element-6fafbdd e-flex e-con-boxed e-con e-parent\" data-id=\"6fafbdd\" data-element_type=\"container\" data-e-type=\"container\" data-settings=\"{&quot;background_background&quot;:&quot;classic&quot;}\">\n\t\t\t\t\t<div class=\"e-con-inner\">\n\t\t<div class=\"elementor-element elementor-element-14b4e70 e-con-full e-flex e-con e-child\" data-id=\"14b4e70\" data-element_type=\"container\" data-e-type=\"container\">\n\t\t\t\t<div class=\"elementor-element elementor-element-de0bdf4 elementor-widget elementor-widget-image\" data-id=\"de0bdf4\" data-element_type=\"widget\" data-e-type=\"widget\" data-widget_type=\"image.default\">\n\t\t\t\t<div class=\"elementor-widget-container\">\n\t\t\t\t\t\t\t\t\t\t\t\t\t\t\t<img loading=\"lazy\" decoding=\"async\" width=\"832\" height=\"437\" src=\"https:\/\/abebengenharia.com.br\/wp-content\/uploads\/2024\/06\/Captura-de-Tela-2024-06-11-as-11.04.16.png\" class=\"attachment-full size-full wp-image-2581\" alt=\"\" srcset=\"https:\/\/abebengenharia.com.br\/wp-content\/uploads\/2024\/06\/Captura-de-Tela-2024-06-11-as-11.04.16.png 832w, https:\/\/abebengenharia.com.br\/wp-content\/uploads\/2024\/06\/Captura-de-Tela-2024-06-11-as-11.04.16-300x158.png 300w, https:\/\/abebengenharia.com.br\/wp-content\/uploads\/2024\/06\/Captura-de-Tela-2024-06-11-as-11.04.16-768x403.png 768w, https:\/\/abebengenharia.com.br\/wp-content\/uploads\/2024\/06\/Captura-de-Tela-2024-06-11-as-11.04.16-18x9.png 18w, https:\/\/abebengenharia.com.br\/wp-content\/uploads\/2024\/06\/Captura-de-Tela-2024-06-11-as-11.04.16-512x269.png 512w\" sizes=\"(max-width: 832px) 100vw, 832px\" \/>\t\t\t\t\t\t\t\t\t\t\t\t\t\t\t<\/div>\n\t\t\t\t<\/div>\n\t\t\t\t<\/div>\n\t\t<div class=\"elementor-element elementor-element-3edb1be e-con-full e-flex e-con e-child\" data-id=\"3edb1be\" data-element_type=\"container\" data-e-type=\"container\">\n\t\t\t\t<div class=\"elementor-element elementor-element-f7cf182 elementor-widget elementor-widget-image\" data-id=\"f7cf182\" data-element_type=\"widget\" data-e-type=\"widget\" data-widget_type=\"image.default\">\n\t\t\t\t<div class=\"elementor-widget-container\">\n\t\t\t\t\t\t\t\t\t\t\t\t\t\t\t<img loading=\"lazy\" decoding=\"async\" width=\"846\" height=\"468\" src=\"https:\/\/abebengenharia.com.br\/wp-content\/uploads\/2024\/06\/Captura-de-Tela-2024-06-11-as-11.03.54-e1718114751741.png\" class=\"attachment-full size-full wp-image-2580\" alt=\"\" srcset=\"https:\/\/abebengenharia.com.br\/wp-content\/uploads\/2024\/06\/Captura-de-Tela-2024-06-11-as-11.03.54-e1718114751741.png 846w, https:\/\/abebengenharia.com.br\/wp-content\/uploads\/2024\/06\/Captura-de-Tela-2024-06-11-as-11.03.54-e1718114751741-300x166.png 300w, https:\/\/abebengenharia.com.br\/wp-content\/uploads\/2024\/06\/Captura-de-Tela-2024-06-11-as-11.03.54-e1718114751741-768x425.png 768w, https:\/\/abebengenharia.com.br\/wp-content\/uploads\/2024\/06\/Captura-de-Tela-2024-06-11-as-11.03.54-e1718114751741-18x10.png 18w, https:\/\/abebengenharia.com.br\/wp-content\/uploads\/2024\/06\/Captura-de-Tela-2024-06-11-as-11.03.54-e1718114751741-512x283.png 512w\" sizes=\"(max-width: 846px) 100vw, 846px\" \/>\t\t\t\t\t\t\t\t\t\t\t\t\t\t\t<\/div>\n\t\t\t\t<\/div>\n\t\t\t\t<\/div>\n\t\t\t\t\t<\/div>\n\t\t\t\t<\/div>\n\t\t<div class=\"elementor-element elementor-element-0e0b0fc e-flex e-con-boxed e-con e-parent\" data-id=\"0e0b0fc\" data-element_type=\"container\" data-e-type=\"container\" data-settings=\"{&quot;background_background&quot;:&quot;classic&quot;}\">\n\t\t\t\t\t<div class=\"e-con-inner\">\n\t\t<div class=\"elementor-element elementor-element-7156de1 e-con-full e-flex e-con e-child\" data-id=\"7156de1\" data-element_type=\"container\" data-e-type=\"container\">\n\t\t\t\t<div class=\"elementor-element elementor-element-a9c8451 elementor-widget elementor-widget-image\" data-id=\"a9c8451\" data-element_type=\"widget\" data-e-type=\"widget\" data-widget_type=\"image.default\">\n\t\t\t\t<div class=\"elementor-widget-container\">\n\t\t\t\t\t\t\t\t\t\t\t\t\t\t\t<img loading=\"lazy\" decoding=\"async\" width=\"784\" height=\"378\" src=\"https:\/\/abebengenharia.com.br\/wp-content\/uploads\/2024\/06\/Captura-de-Tela-2024-06-11-as-11.07.15-e1718114951403.png\" class=\"attachment-large size-large wp-image-2582\" alt=\"\" srcset=\"https:\/\/abebengenharia.com.br\/wp-content\/uploads\/2024\/06\/Captura-de-Tela-2024-06-11-as-11.07.15-e1718114951403.png 784w, https:\/\/abebengenharia.com.br\/wp-content\/uploads\/2024\/06\/Captura-de-Tela-2024-06-11-as-11.07.15-e1718114951403-300x145.png 300w, https:\/\/abebengenharia.com.br\/wp-content\/uploads\/2024\/06\/Captura-de-Tela-2024-06-11-as-11.07.15-e1718114951403-768x370.png 768w, https:\/\/abebengenharia.com.br\/wp-content\/uploads\/2024\/06\/Captura-de-Tela-2024-06-11-as-11.07.15-e1718114951403-18x9.png 18w, https:\/\/abebengenharia.com.br\/wp-content\/uploads\/2024\/06\/Captura-de-Tela-2024-06-11-as-11.07.15-e1718114951403-512x247.png 512w\" sizes=\"(max-width: 784px) 100vw, 784px\" \/>\t\t\t\t\t\t\t\t\t\t\t\t\t\t\t<\/div>\n\t\t\t\t<\/div>\n\t\t\t\t<\/div>\n\t\t<div class=\"elementor-element elementor-element-061560f e-con-full e-flex e-con e-child\" data-id=\"061560f\" data-element_type=\"container\" data-e-type=\"container\">\n\t\t\t\t<div class=\"elementor-element elementor-element-40f2771 elementor-widget elementor-widget-text-editor\" data-id=\"40f2771\" data-element_type=\"widget\" data-e-type=\"widget\" data-widget_type=\"text-editor.default\">\n\t\t\t\t<div class=\"elementor-widget-container\">\n\t\t\t\t\t\t\t\t\t<p><span style=\"font-weight: 400;\">A ABEB entende que a medicina ocupacional \u00e9 crucial para a sa\u00fade e o bem-estar dos nossos colaboradores, bem como para a efici\u00eancia e produtividade das nossas opera\u00e7\u00f5es. Por isso, realizamos o monitoramento cont\u00ednuo da sa\u00fade dos nossos funcion\u00e1rios, identificando condi\u00e7\u00f5es m\u00e9dicas que possam aumentar o risco de acidentes. Dessa forma, a medicina ocupacional ajuda a reduzir significativamente os riscos de acidentes de trabalho, resultando em um ambiente de trabalho mais seguro e produtivo. Al\u00e9m disso, investimos em campanhas de sa\u00fade e conscientiza\u00e7\u00e3o para nossos colaboradores, promovendo pr\u00e1ticas saud\u00e1veis e a import\u00e2ncia da preven\u00e7\u00e3o.<\/span><\/p>\t\t\t\t\t\t\t\t<\/div>\n\t\t\t\t<\/div>\n\t\t\t\t<\/div>\n\t\t\t\t\t<\/div>\n\t\t\t\t<\/div>\n\t\t<div class=\"elementor-element elementor-element-d6c46c7 e-flex e-con-boxed e-con e-parent\" data-id=\"d6c46c7\" data-element_type=\"container\" data-e-type=\"container\">\n\t\t\t\t\t<div class=\"e-con-inner\">\n\t\t\t\t<div class=\"elementor-element elementor-element-1d52857 elementor-widget elementor-widget-spacer\" data-id=\"1d52857\" data-element_type=\"widget\" data-e-type=\"widget\" data-widget_type=\"spacer.default\">\n\t\t\t\t<div class=\"elementor-widget-container\">\n\t\t\t\t\t\t\t<div class=\"elementor-spacer\">\n\t\t\t<div class=\"elementor-spacer-inner\"><\/div>\n\t\t<\/div>\n\t\t\t\t\t\t<\/div>\n\t\t\t\t<\/div>\n\t\t\t\t\t<\/div>\n\t\t\t\t<\/div>\n\t\t\t\t<\/div>\n\t\t","protected":false},"excerpt":{"rendered":"<p>A seguran\u00e7a do trabalho \u00e9 um aspecto fundamental para a AB&amp;B Solu\u00e7\u00f5es e Servi\u00e7os. Ela n\u00e3o apenas protege a integridade&#8230; <span class=\"qrt-el-more\"><a href=\"https:\/\/abebengenharia.com.br\/?page_id=2566\" class=\"qrt-link qrt-color-link qrt-cursor-scale qrt-w-chevron\">Read more<\/a><\/span><\/p>\n","protected":false},"author":1,"featured_media":0,"parent":0,"menu_order":0,"comment_status":"closed","ping_status":"closed","template":"template-layout-builder.php","meta":{"footnotes":""},"class_list":["post-2566","page","type-page","status-publish","hentry"],"acf":[],"_links":{"self":[{"href":"https:\/\/abebengenharia.com.br\/index.php?rest_route=\/wp\/v2\/pages\/2566","targetHints":{"allow":["GET"]}}],"collection":[{"href":"https:\/\/abebengenharia.com.br\/index.php?rest_route=\/wp\/v2\/pages"}],"about":[{"href":"https:\/\/abebengenharia.com.br\/index.php?rest_route=\/wp\/v2\/types\/page"}],"author":[{"embeddable":true,"href":"https:\/\/abebengenharia.com.br\/index.php?rest_route=\/wp\/v2\/users\/1"}],"replies":[{"embeddable":true,"href":"https:\/\/abebengenharia.com.br\/index.php?rest_route=%2Fwp%2Fv2%2Fcomments&post=2566"}],"version-history":[{"count":28,"href":"https:\/\/abebengenharia.com.br\/index.php?rest_route=\/wp\/v2\/pages\/2566\/revisions"}],"predecessor-version":[{"id":2660,"href":"https:\/\/abebengenharia.com.br\/index.php?rest_route=\/wp\/v2\/pages\/2566\/revisions\/2660"}],"wp:attachment":[{"href":"https:\/\/abebengenharia.com.br\/index.php?rest_route=%2Fwp%2Fv2%2Fmedia&parent=2566"}],"curies":[{"name":"wp","href":"https:\/\/api.w.org\/{rel}","templated":true}]}}